{"id":89,"date":"2019-03-18T09:28:54","date_gmt":"2019-03-18T09:28:54","guid":{"rendered":"http:\/\/test.hebammetabea.de\/?page_id=89"},"modified":"2019-03-18T09:28:55","modified_gmt":"2019-03-18T09:28:55","slug":"impressum","status":"publish","type":"page","link":"https:\/\/hebammetabea.de\/?page_id=89","title":{"rendered":"Impressum"},"content":{"rendered":"\n<p>Angaben gem\u00e4\u00df \u00a7 5 TMG<\/p>\n\n\n\n<p><strong>Hebamme Tabea Debus<\/strong><br>Buchholzstr. 28<br> 35232 Dautphetal<br> Bundesrepublik Deutschland<br> Telefon: 0151 5949 6035 <br> post(at)HebammeTabea<br><a href=\"http:\/\/www.HebammeTabea.de\">www.HebammeTabea.de<\/a>&nbsp;&nbsp;<br> Berufsbezeichnung erworben in der Bundesrepublik Deutschland<br> Aufsichtsbeh\u00f6rde:Gesundheitsamt Marburg- Biedenkopf<br><br><strong>Inhalt des Onlineangebotes<\/strong><\/p>\n\n\n\n<p>Die\n Inhalte sieser Seiten wurden mit gr\u00f6\u00dfter Sorgfalt erstellt. F\u00fcr die \nRichtigkeit, Vollst\u00e4ndigkeit und Aktualit\u00e4t der Inhalte kann ich jedoch \nkeine Gew\u00e4hr \u00fcbernehmen. Als Diensteanbieter bin ich gem\u00e4\u00df \u00a7 7 Abs.1 TMG\n f\u00fcr eigene Inhalte auf diesen Seiten nach den allgemeinen Gesetzen \nverantwortlich. Nach \u00a7\u00a7 8 bis 10 TMG bin ich als Diensteanbieter jedoch \nnicht verpflichtet, \u00fcbermittelte oder gespeicherte fremde Informationen \nzu \u00fcberwachen oder nach Umst\u00e4nden zu forschen, die auf eine \nrechtswidrige T\u00e4tigkeit hinweisen. Verpflichtungen zur Entfernung oder \nSperrung der Nutzung von Informationen nach den allgemeinen Gesetzen \nbleiben hiervon unber\u00fchrt. Eine diesbez\u00fcgliche Haftung ist jedoch erst \nab dem Zeitpunkt der Kenntnis einer konkreten Rechtsverletzung m\u00f6glich. \nBei Bekanntwerden von entsprechenden Rechtsverletzungen werde ich diese \nInhalte umgehend entfernen.<br>Ich behalte es mir ausdr\u00fccklich vor, \nTeile der Seite oder das gesamte Angebot ohne gesonderte Ank\u00fcndigung zu \nver\u00e4ndern, zu erg\u00e4nzen, zu l\u00f6schen oder die Ver\u00f6ffentlichung zeitweise \noder endg\u00fcltig einzustellen.<br><br><strong>Verweise und Links<\/strong><\/p>\n\n\n\n<p>Die\n Website enth\u00e4lt Links zu externen Webseiten Dritter, auf deren Inhalte \nich keinen Einfluss habe. Deshalb kann ich f\u00fcr diese fremden Inhalte \nauch keine Gew\u00e4hr \u00fcbernehmen. F\u00fcr die Inhalte der verlinkten Seiten ist \nstets der jeweilige Anbieter oder Betreiber der Seiten verantwortlich. \nDie verlinkten Seiten wurden zum Zeitpunkt der Verlinkung auf m\u00f6gliche \nRechtsverst\u00f6\u00dfe \u00fcberpr\u00fcft. Rechtswidrige Inhalte waren zum Zeitpunkt der \nVerlinkung nicht erkennbar. Eine permanente inhaltliche Kontrolle der \nverlinkten Seiten ist jedoch ohne konkrete Anhaltspunkte einer \nRechtsverletzung nicht zumutbar. Bei Bekanntwerden von \nRechtsverletzungen werde ich derartige Links umgehend entfernen.<\/p>\n\n\n\n<p><br><br><strong>Urheber- und Kennzeichenrecht<br> <\/strong><\/p>\n\n\n\n<p>Die\n durch die Seitenbetreiberin erstellten Inhalte und Werke auf diesen \nSeiten unterliegen dem deutschen Urheberrecht. Die Vervielf\u00e4ltigung, \nBearbeitung, Verbreitung und jede Art der Verwertung au\u00dferhalb der \nGrenzen des Urheberrechtes bed\u00fcrfen der schriftlichen Zustimmung des \njeweiligen Autors bzw. Erstellers. Downloads und Kopien dieser Seite \nsind nur f\u00fcr den privaten, nicht kommerziellen Gebrauch gestattet. \nSoweit die Inhalte auf dieser Seite nicht von der Betreiberin erstellt \nwurden, werden die Urheberrechte Dritter beachtet. Insbesondere werden \nInhalte Dritter als solche gekennzeichnet. Sollten Sie trotzdem auf eine\n Urheberrechtsverletzung aufmerksam werden, bitte ich Sie um einen \nentsprechenden Hinweis.Bei Bekanntwerden von Rechtsverletzungen werde \nich derartige Inhalte umgehend entfernen.<br><br><br><strong>Datenschutz<\/strong><\/p>\n\n\n\n<p>Die\n Nutzung dieser Webseite ist in der Regel ohne Angabe personenbezogener \nDaten m\u00f6glich. Soweit auf diesen Seiten personenbezogene Daten \n(beispielsweise Name, Anschrift oder eMail-Adressen) erhoben werden, \nerfolgt dies, soweit m\u00f6glich, stets auf freiwilliger Basis. Diese Daten \nwerden ohne Ihre ausdr\u00fcckliche Zustimmung nicht an Dritte weitergegeben.<\/p>\n\n\n\n<p>Ich\n weise darauf hin, dass die Daten\u00fcbertragung im Internet (z.B. bei der \nKommunikation per E-Mail) Sicherheitsl\u00fccken aufweisen kann. Ein \nl\u00fcckenloser Schutz der Daten vor dem Zugriff durch Dritte ist nicht \nm\u00f6glich.<\/p>\n\n\n\n<p>Der Nutzung von im Rahmen der Impressumspflicht \nver\u00f6ffentlichten Kontaktdaten durch Dritte zur \u00dcbersendung von nicht \nausdr\u00fccklich angeforderter Werbung und Informationsmaterialien wird \nhiermit ausdr\u00fccklich widersprochen. Die Betreiberin der Seiten beh\u00e4lt \nsich ausdr\u00fccklich rechtliche Schritte im Falle der unverlangten \nZusendung von Werbeinformationen, etwa durch Spam-Mails, vor.<\/p>\n\n\n\n<p><br><br><strong>Rechtswirksamkeit dieses Haftungsausschlusses<\/strong><br><br>\n Sofern Teile oder einzelne Formulierungen dieses Textes der geltenden \nRechtslage nicht, nicht mehr oder nicht vollst\u00e4ndig entsprechen sollten,\n bleiben die \u00fcbrigen Teile des Dokumentes in ihrem Inhalt und ihrer \nG\u00fcltigkeit davon unber\u00fchrt.<\/p>\n","protected":false},"excerpt":{"rendered":"<p>Angaben gem\u00e4\u00df \u00a7 5 TMG Hebamme Tabea DebusBuchholzstr. 28 35232 Dautphetal Bundesrepublik Deutschland Telefon: 0151 5949 6035 post(at)HebammeTabeawww.HebammeTabea.de&nbsp;&nbsp; Berufsbezeichnung erworben in der Bundesrepublik Deutschland Aufsichtsbeh\u00f6rde:Gesundheitsamt Marburg- Biedenkopf Inhalt des Onlineangebotes Die Inhalte sieser Seiten wurden mit gr\u00f6\u00dfter Sorgfalt erstellt. F\u00fcr <a href=\"https:\/\/hebammetabea.de\/?page_id=89\"> Read more&#8230;<\/a><\/p>\n","protected":false},"author":1,"featured_media":0,"parent":0,"menu_order":0,"comment_status":"closed","ping_status":"closed","template":"","meta":{"footnotes":""},"class_list":["post-89","page","type-page","status-publish","hentry"],"_links":{"self":[{"href":"https:\/\/hebammetabea.de\/index.php?rest_route=\/wp\/v2\/pages\/89","targetHints":{"allow":["GET"]}}],"collection":[{"href":"https:\/\/hebammetabea.de\/index.php?rest_route=\/wp\/v2\/pages"}],"about":[{"href":"https:\/\/hebammetabea.de\/index.php?rest_route=\/wp\/v2\/types\/page"}],"author":[{"embeddable":true,"href":"https:\/\/hebammetabea.de\/index.php?rest_route=\/wp\/v2\/users\/1"}],"replies":[{"embeddable":true,"href":"https:\/\/hebammetabea.de\/index.php?rest_route=%2Fwp%2Fv2%2Fcomments&post=89"}],"version-history":[{"count":1,"href":"https:\/\/hebammetabea.de\/index.php?rest_route=\/wp\/v2\/pages\/89\/revisions"}],"predecessor-version":[{"id":90,"href":"https:\/\/hebammetabea.de\/index.php?rest_route=\/wp\/v2\/pages\/89\/revisions\/90"}],"wp:attachment":[{"href":"https:\/\/hebammetabea.de\/index.php?rest_route=%2Fwp%2Fv2%2Fmedia&parent=89"}],"curies":[{"name":"wp","href":"https:\/\/api.w.org\/{rel}","templated":true}]}}